{"id":2994,"date":"2025-12-15T20:42:19","date_gmt":"2025-12-15T20:42:19","guid":{"rendered":"https:\/\/poemaparamascotas.com\/republica-dominicana\/?page_id=2994"},"modified":"2025-12-15T21:23:43","modified_gmt":"2025-12-15T21:23:43","slug":"super-proteina","status":"publish","type":"page","link":"https:\/\/poemaparamascotas.com\/republica-dominicana\/super-proteina\/","title":{"rendered":"S\u00faper Prote\u00edna"},"content":{"rendered":"\t\t<div data-elementor-type=\"wp-page\" data-elementor-id=\"2994\" class=\"elementor elementor-2994\" data-elementor-settings=\"{&quot;ha_cmc_init_switcher&quot;:&quot;no&quot;}\" data-elementor-post-type=\"page\">\n\t\t\t\t<div class=\"elementor-element elementor-element-40e3d3d6 e-con-full wd-section-stretch elementor-hidden-desktop elementor-hidden-tablet e-flex e-con e-parent\" data-id=\"40e3d3d6\" data-element_type=\"container\" data-settings=\"{&quot;shape_divider_bottom&quot;:&quot;curve&quot;,&quot;_ha_eqh_enable&quot;:false}\">\n\t\t\t\t<div class=\"elementor-shape elementor-shape-bottom\" aria-hidden=\"true\" data-negative=\"false\">\n\t\t\t<svg xmlns=\"http:\/\/www.w3.org\/2000\/svg\" viewBox=\"0 0 1000 100\" preserveAspectRatio=\"none\">\n    <path class=\"elementor-shape-fill\" d=\"M1000,4.3V0H0v4.3C0.9,23.1,126.7,99.2,500,100S1000,22.7,1000,4.3z\"\/>\n<\/svg>\t\t<\/div>\n\t\t\t\t<div class=\"elementor-element elementor-element-10f40d29 elementor-widget elementor-widget-image\" data-id=\"10f40d29\" data-element_type=\"widget\" data-widget_type=\"image.default\">\n\t\t\t\t<div class=\"elementor-widget-container\">\n\t\t\t\t\t\t\t\t\t\t\t\t\t\t\t<img fetchpriority=\"high\" decoding=\"async\" width=\"1920\" height=\"1547\" src=\"https:\/\/poemaparamascotas.com\/republica-dominicana\/wp-content\/uploads\/2025\/12\/banner-web-super-proteina-mob.webp\" class=\"attachment-full size-full wp-image-3012\" alt=\"\" srcset=\"https:\/\/poemaparamascotas.com\/republica-dominicana\/wp-content\/uploads\/2025\/12\/banner-web-super-proteina-mob.webp 1920w, https:\/\/poemaparamascotas.com\/republica-dominicana\/wp-content\/uploads\/2025\/12\/banner-web-super-proteina-mob-300x242.webp 300w, https:\/\/poemaparamascotas.com\/republica-dominicana\/wp-content\/uploads\/2025\/12\/banner-web-super-proteina-mob-1024x825.webp 1024w, https:\/\/poemaparamascotas.com\/republica-dominicana\/wp-content\/uploads\/2025\/12\/banner-web-super-proteina-mob-768x619.webp 768w, https:\/\/poemaparamascotas.com\/republica-dominicana\/wp-content\/uploads\/2025\/12\/banner-web-super-proteina-mob-1536x1238.webp 1536w\" sizes=\"(max-width: 1920px) 100vw, 1920px\" title=\"\">\t\t\t\t\t\t\t\t\t\t\t\t\t\t\t<\/div>\n\t\t\t\t<\/div>\n\t\t\t\t<\/div>\n\t\t<div class=\"elementor-element elementor-element-619d3229 e-con-full wd-section-stretch elementor-hidden-mobile e-flex e-con e-parent\" data-id=\"619d3229\" data-element_type=\"container\" data-settings=\"{&quot;shape_divider_bottom&quot;:&quot;curve&quot;,&quot;_ha_eqh_enable&quot;:false}\">\n\t\t\t\t<div class=\"elementor-shape elementor-shape-bottom\" aria-hidden=\"true\" data-negative=\"false\">\n\t\t\t<svg xmlns=\"http:\/\/www.w3.org\/2000\/svg\" viewBox=\"0 0 1000 100\" preserveAspectRatio=\"none\">\n    <path class=\"elementor-shape-fill\" d=\"M1000,4.3V0H0v4.3C0.9,23.1,126.7,99.2,500,100S1000,22.7,1000,4.3z\"\/>\n<\/svg>\t\t<\/div>\n\t\t\t\t<div class=\"elementor-element elementor-element-25015891 elementor-widget elementor-widget-image\" data-id=\"25015891\" data-element_type=\"widget\" data-widget_type=\"image.default\">\n\t\t\t\t<div class=\"elementor-widget-container\">\n\t\t\t\t\t\t\t\t\t\t\t\t\t\t\t<img decoding=\"async\" width=\"1920\" height=\"801\" src=\"https:\/\/poemaparamascotas.com\/republica-dominicana\/wp-content\/uploads\/2025\/12\/banner-web-super-proteina-des.webp\" class=\"attachment-full size-full wp-image-3011\" alt=\"\" srcset=\"https:\/\/poemaparamascotas.com\/republica-dominicana\/wp-content\/uploads\/2025\/12\/banner-web-super-proteina-des.webp 1920w, https:\/\/poemaparamascotas.com\/republica-dominicana\/wp-content\/uploads\/2025\/12\/banner-web-super-proteina-des-300x125.webp 300w, https:\/\/poemaparamascotas.com\/republica-dominicana\/wp-content\/uploads\/2025\/12\/banner-web-super-proteina-des-1024x427.webp 1024w, https:\/\/poemaparamascotas.com\/republica-dominicana\/wp-content\/uploads\/2025\/12\/banner-web-super-proteina-des-768x320.webp 768w, https:\/\/poemaparamascotas.com\/republica-dominicana\/wp-content\/uploads\/2025\/12\/banner-web-super-proteina-des-1536x641.webp 1536w\" sizes=\"(max-width: 1920px) 100vw, 1920px\" title=\"\">\t\t\t\t\t\t\t\t\t\t\t\t\t\t\t<\/div>\n\t\t\t\t<\/div>\n\t\t\t\t<\/div>\n\t\t<div class=\"elementor-element elementor-element-330ed214 wd-section-stretch e-flex e-con-boxed e-con e-parent\" data-id=\"330ed214\" data-element_type=\"container\" data-settings=\"{&quot;_ha_eqh_enable&quot;:false}\">\n\t\t\t\t\t<div class=\"e-con-inner\">\n\t\t\t\t<div class=\"elementor-element elementor-element-1b3f59c4 elementor-hidden-desktop elementor-hidden-tablet elementor-hidden-mobile elementor-invisible elementor-widget elementor-widget-image\" data-id=\"1b3f59c4\" data-element_type=\"widget\" data-settings=\"{&quot;_animation&quot;:&quot;fadeInLeft&quot;}\" data-widget_type=\"image.default\">\n\t\t\t\t<div class=\"elementor-widget-container\">\n\t\t\t\t\t\t\t\t\t\t\t\t\t\t\t<img decoding=\"async\" width=\"1422\" height=\"807\" src=\"https:\/\/poemaparamascotas.com\/republica-dominicana\/wp-content\/uploads\/2025\/12\/imagen-productos.webp\" class=\"attachment-full size-full wp-image-3002\" alt=\"\" srcset=\"https:\/\/poemaparamascotas.com\/republica-dominicana\/wp-content\/uploads\/2025\/12\/imagen-productos.webp 1422w, https:\/\/poemaparamascotas.com\/republica-dominicana\/wp-content\/uploads\/2025\/12\/imagen-productos-300x170.webp 300w, https:\/\/poemaparamascotas.com\/republica-dominicana\/wp-content\/uploads\/2025\/12\/imagen-productos-1024x581.webp 1024w, https:\/\/poemaparamascotas.com\/republica-dominicana\/wp-content\/uploads\/2025\/12\/imagen-productos-768x436.webp 768w\" sizes=\"(max-width: 1422px) 100vw, 1422px\" title=\"\">\t\t\t\t\t\t\t\t\t\t\t\t\t\t\t<\/div>\n\t\t\t\t<\/div>\n\t\t\t\t<div class=\"elementor-element elementor-element-37675ddc elementor-invisible elementor-widget elementor-widget-heading\" data-id=\"37675ddc\" data-element_type=\"widget\" data-settings=\"{&quot;_animation&quot;:&quot;fadeInDown&quot;}\" data-widget_type=\"heading.default\">\n\t\t\t\t<div class=\"elementor-widget-container\">\n\t\t\t\t\t<h2 class=\"elementor-heading-title elementor-size-default\">\u00bfQU\u00c9 SON LAS S\u00daPER PROTE\u00cdNAS?<\/h2>\t\t\t\t<\/div>\n\t\t\t\t<\/div>\n\t\t\t\t\t<link rel=\"stylesheet\" id=\"wd-mod-animations-keyframes-css\" href=\"https:\/\/poemaparamascotas.com\/republica-dominicana\/wp-content\/themes\/woodmart\/css\/parts\/mod-animations-keyframes.min.css?ver=7.6.0\" type=\"text\/css\" media=\"all\" \/> \t\t\t\t\t<div class=\"elementor-element elementor-element-7d98c46a text-center color-scheme-inherit elementor-invisible elementor-widget elementor-widget-text-editor\" data-id=\"7d98c46a\" data-element_type=\"widget\" data-settings=\"{&quot;_animation&quot;:&quot;fadeInDown&quot;}\" data-widget_type=\"text-editor.default\">\n\t\t\t\t<div class=\"elementor-widget-container\">\n\t\t\t\t\t\t\t\t\t<p>Las s\u00faper prote\u00ednas son el resultado del proceso de hidr\u00f3lisis que utiliza enzimas para descomponer las macromol\u00e9culas de prote\u00ednas grandes en fragmentos m\u00e1s peque\u00f1os como p\u00e9ptidos y amino\u00e1cidos.<\/p>\t\t\t\t\t\t\t\t<\/div>\n\t\t\t\t<\/div>\n\t\t<div class=\"elementor-element elementor-element-a0ca2bf wd-section-stretch e-flex e-con-boxed e-con e-child\" data-id=\"a0ca2bf\" data-element_type=\"container\" data-settings=\"{&quot;_ha_eqh_enable&quot;:false}\">\n\t\t\t\t\t<div class=\"e-con-inner\">\n\t\t<div class=\"elementor-element elementor-element-22ae61cc e-con-full e-flex e-con e-child\" data-id=\"22ae61cc\" data-element_type=\"container\" data-settings=\"{&quot;_ha_eqh_enable&quot;:false}\">\n\t\t<div class=\"elementor-element elementor-element-35cf11e0 e-con-full e-flex elementor-invisible e-con e-child\" data-id=\"35cf11e0\" data-element_type=\"container\" data-settings=\"{&quot;animation&quot;:&quot;wd-anim-zoom-in&quot;,&quot;animation_delay&quot;:200,&quot;_ha_eqh_enable&quot;:false}\">\n\t\t\t\t<div class=\"elementor-element elementor-element-79ff78ea elementor-widget-mobile__width-initial elementor-widget elementor-widget-image\" data-id=\"79ff78ea\" data-element_type=\"widget\" data-widget_type=\"image.default\">\n\t\t\t\t<div class=\"elementor-widget-container\">\n\t\t\t\t\t\t\t\t\t\t\t\t\t\t\t<img loading=\"lazy\" decoding=\"async\" width=\"178\" height=\"225\" src=\"https:\/\/poemaparamascotas.com\/republica-dominicana\/wp-content\/uploads\/2025\/12\/Capa-12.webp\" class=\"attachment-full size-full wp-image-3003\" alt=\"\" title=\"\">\t\t\t\t\t\t\t\t\t\t\t\t\t\t\t<\/div>\n\t\t\t\t<\/div>\n\t\t\t\t<\/div>\n\t\t<div class=\"elementor-element elementor-element-576712f6 e-con-full e-flex elementor-invisible e-con e-child\" data-id=\"576712f6\" data-element_type=\"container\" data-settings=\"{&quot;animation&quot;:&quot;wd-anim-zoom-in&quot;,&quot;animation_delay&quot;:400,&quot;_ha_eqh_enable&quot;:false}\">\n\t\t\t\t<div class=\"elementor-element elementor-element-5228837a e-transform elementor-widget elementor-widget-image\" data-id=\"5228837a\" data-element_type=\"widget\" data-settings=\"{&quot;_transform_rotateZ_effect_mobile&quot;:{&quot;unit&quot;:&quot;deg&quot;,&quot;size&quot;:90,&quot;sizes&quot;:[]},&quot;_transform_rotateZ_effect&quot;:{&quot;unit&quot;:&quot;px&quot;,&quot;size&quot;:&quot;&quot;,&quot;sizes&quot;:[]},&quot;_transform_rotateZ_effect_tablet&quot;:{&quot;unit&quot;:&quot;deg&quot;,&quot;size&quot;:&quot;&quot;,&quot;sizes&quot;:[]}}\" data-widget_type=\"image.default\">\n\t\t\t\t<div class=\"elementor-widget-container\">\n\t\t\t\t\t\t\t\t\t\t\t\t\t\t\t<img loading=\"lazy\" decoding=\"async\" width=\"53\" height=\"50\" src=\"https:\/\/poemaparamascotas.com\/republica-dominicana\/wp-content\/uploads\/2025\/12\/Capa-14.webp\" class=\"attachment-full size-full wp-image-3004\" alt=\"\" title=\"\">\t\t\t\t\t\t\t\t\t\t\t\t\t\t\t<\/div>\n\t\t\t\t<\/div>\n\t\t\t\t<div class=\"elementor-element elementor-element-62748e94 elementor-widget elementor-widget-heading\" data-id=\"62748e94\" data-element_type=\"widget\" data-widget_type=\"heading.default\">\n\t\t\t\t<div class=\"elementor-widget-container\">\n\t\t\t\t\t<h2 class=\"elementor-heading-title elementor-size-default\"><strong>PROCESO DE HIDR\u00d3LISIS<\/strong>\n<\/br>Agua + Enzimas<\/h2>\t\t\t\t<\/div>\n\t\t\t\t<\/div>\n\t\t\t\t<\/div>\n\t\t<div class=\"elementor-element elementor-element-47ab3482 e-con-full e-flex elementor-invisible e-con e-child\" data-id=\"47ab3482\" data-element_type=\"container\" data-settings=\"{&quot;animation&quot;:&quot;wd-anim-zoom-in&quot;,&quot;animation_delay&quot;:600,&quot;_ha_eqh_enable&quot;:false}\">\n\t\t\t\t<div class=\"elementor-element elementor-element-7ea62bb4 elementor-widget-mobile__width-initial elementor-widget elementor-widget-image\" data-id=\"7ea62bb4\" data-element_type=\"widget\" data-widget_type=\"image.default\">\n\t\t\t\t<div class=\"elementor-widget-container\">\n\t\t\t\t\t\t\t\t\t\t\t\t\t\t\t<img loading=\"lazy\" decoding=\"async\" width=\"192\" height=\"197\" src=\"https:\/\/poemaparamascotas.com\/republica-dominicana\/wp-content\/uploads\/2025\/12\/Capa-13.webp\" class=\"attachment-full size-full wp-image-3005\" alt=\"\" title=\"\">\t\t\t\t\t\t\t\t\t\t\t\t\t\t\t<\/div>\n\t\t\t\t<\/div>\n\t\t\t\t<div class=\"elementor-element elementor-element-2611cf08 elementor-widget elementor-widget-heading\" data-id=\"2611cf08\" data-element_type=\"widget\" data-widget_type=\"heading.default\">\n\t\t\t\t<div class=\"elementor-widget-container\">\n\t\t\t\t\t<h2 class=\"elementor-heading-title elementor-size-default\">Peque\u00f1os p\u00e9ptidos y \n\u00e1cidos individuales<\/h2>\t\t\t\t<\/div>\n\t\t\t\t<\/div>\n\t\t\t\t<div class=\"elementor-element elementor-element-2e12769c elementor-widget elementor-widget-heading\" data-id=\"2e12769c\" data-element_type=\"widget\" data-widget_type=\"heading.default\">\n\t\t\t\t<div class=\"elementor-widget-container\">\n\t\t\t\t\t<h2 class=\"elementor-heading-title elementor-size-default\">No reconocidos por el \nsistema inmunitario<\/h2>\t\t\t\t<\/div>\n\t\t\t\t<\/div>\n\t\t\t\t<\/div>\n\t\t\t\t<\/div>\n\t\t<div class=\"elementor-element elementor-element-47dc91c4 e-con-full e-flex elementor-invisible e-con e-child\" data-id=\"47dc91c4\" data-element_type=\"container\" data-settings=\"{&quot;animation&quot;:&quot;fadeInRight&quot;,&quot;animation_delay&quot;:800,&quot;_ha_eqh_enable&quot;:false}\">\n\t\t\t\t<div class=\"elementor-element elementor-element-5a6f11bf text-center color-scheme-inherit elementor-widget elementor-widget-text-editor\" data-id=\"5a6f11bf\" data-element_type=\"widget\" data-widget_type=\"text-editor.default\">\n\t\t\t\t<div class=\"elementor-widget-container\">\n\t\t\t\t\t\t\t\t\t<p>Las S\u00faper Prote\u00ednas, o prote\u00ednas hidrolizadas,\u00a0ofrecen beneficios poderosos y comprobados para la salud de tu mascota:<\/p><p><strong>&#8211; Mejora la digestibilidad:<\/strong> Son m\u00e1s f\u00e1ciles de digerir para mascotas con sensibilidad alimentaria o alergias.<\/p><p><strong>&#8211; Reduce reacciones al\u00e9rgicas:<\/strong> Al descomponer las prote\u00ednas en mol\u00e9culas m\u00e1s peque\u00f1as, se reduce la probabilidad de desencadenar alergias.<\/p><p><strong>&#8211; Nutrici\u00f3n \u00f3ptima:<\/strong> Aportan amino\u00e1cidos esenciales para el crecimiento y mantenimiento de la mascota.<\/p><p><strong>&#8211; Reduce inflamaci\u00f3n:<\/strong> Pueden tener propiedades antiinflamatorias, beneficiosas para mascotas con problemas de inflamaci\u00f3n cr\u00f3nica.<\/p><p><strong>&#8211; Mejora la calidad del pelaje y la piel:<\/strong> Al reducir la inflamaci\u00f3n y mejorar la absorci\u00f3n de nutrientes.<\/p><p><strong>&#8211; \u00datil en dietas hipoalerg\u00e9nicas:<\/strong> Para mascotas con problemas digestivos o alergias alimentarias.<\/p>\t\t\t\t\t\t\t\t<\/div>\n\t\t\t\t<\/div>\n\t\t\t\t<\/div>\n\t\t\t\t\t<\/div>\n\t\t\t\t<\/div>\n\t\t<div class=\"elementor-element elementor-element-2598525d e-con-full e-flex e-con e-child\" data-id=\"2598525d\" data-element_type=\"container\" data-settings=\"{&quot;_ha_eqh_enable&quot;:false}\">\n\t\t\t\t<div class=\"elementor-element elementor-element-13253d4f elementor-invisible elementor-widget elementor-widget-heading\" data-id=\"13253d4f\" data-element_type=\"widget\" data-settings=\"{&quot;_animation&quot;:&quot;fadeInDown&quot;}\" data-widget_type=\"heading.default\">\n\t\t\t\t<div class=\"elementor-widget-container\">\n\t\t\t\t\t<h2 class=\"elementor-heading-title elementor-size-default\">s\u00faper prote\u00edna V\/S prote\u00edna com\u00fan<\/h2>\t\t\t\t<\/div>\n\t\t\t\t<\/div>\n\t\t\t\t<\/div>\n\t\t<div class=\"elementor-element elementor-element-112c1ca1 wd-section-stretch e-flex e-con-boxed e-con e-child\" data-id=\"112c1ca1\" data-element_type=\"container\" data-settings=\"{&quot;_ha_eqh_enable&quot;:false}\">\n\t\t\t\t\t<div class=\"e-con-inner\">\n\t\t<div class=\"elementor-element elementor-element-36f5fc28 e-con-full e-flex elementor-invisible e-con e-child\" data-id=\"36f5fc28\" data-element_type=\"container\" data-settings=\"{&quot;background_background&quot;:&quot;classic&quot;,&quot;animation&quot;:&quot;wd-anim-zoom-in&quot;,&quot;animation_delay&quot;:200,&quot;_ha_eqh_enable&quot;:false}\">\n\t\t\t\t<div class=\"elementor-element elementor-element-272f9fc1 text-center color-scheme-inherit elementor-widget elementor-widget-text-editor\" data-id=\"272f9fc1\" data-element_type=\"widget\" data-widget_type=\"text-editor.default\">\n\t\t\t\t<div class=\"elementor-widget-container\">\n\t\t\t\t\t\t\t\t\t<p><strong>S\u00daPER PROTE\u00cdNA<\/strong> (alimento s\u00faper premium)<\/p><p>&#8211; Desarrollada por expertos en nutrici\u00f3n animal para optimizar la salud y el bienestar.<\/p><p>&#8211; Elaborada con ingredientes de la m\u00e1s alta calidad, como carnes frescas, deshidratadas o prote\u00ednas hidrolizadas de alta biodisponibilidad.<\/p><p>&#8211; Dise\u00f1ada para atender necesidades espec\u00edficas, como sensibilidades digestivas, piel delicada o pelaje sin brillo.<\/p><p><strong>Resultado: Mayor saciedad con porciones adecuadas, mejor control del peso y una nutrici\u00f3n realmente completa.<\/strong><\/p>\t\t\t\t\t\t\t\t<\/div>\n\t\t\t\t<\/div>\n\t\t\t\t<\/div>\n\t\t<div class=\"elementor-element elementor-element-702edbdd e-con-full e-flex elementor-invisible e-con e-child\" data-id=\"702edbdd\" data-element_type=\"container\" data-settings=\"{&quot;background_background&quot;:&quot;classic&quot;,&quot;animation&quot;:&quot;wd-anim-zoom-in&quot;,&quot;animation_delay&quot;:400,&quot;_ha_eqh_enable&quot;:false}\">\n\t\t\t\t<div class=\"elementor-element elementor-element-7f1a50cd text-center color-scheme-inherit elementor-widget elementor-widget-text-editor\" data-id=\"7f1a50cd\" data-element_type=\"widget\" data-widget_type=\"text-editor.default\">\n\t\t\t\t<div class=\"elementor-widget-container\">\n\t\t\t\t\t\t\t\t\t<p><strong>PROTE\u00cdNA COM\u00daN<\/strong> (alimento comercial)<\/p><p>&#8211; Enfocada principalmente en la producci\u00f3n a bajo costo.<\/p><p>&#8211; Puede contener prote\u00ednas de menor calidad o baja digestibilidad. Con menor respaldo de nutricionistas o veterinarios especializados.<\/p><p><strong>Resultado: Requiere porciones m\u00e1s grandes y puede no aportar todos los nutrientes esenciales, aumentando el riesgo de sobrepeso o deficiencias.<\/strong><\/p>\t\t\t\t\t\t\t\t<\/div>\n\t\t\t\t<\/div>\n\t\t\t\t<\/div>\n\t\t\t\t\t<\/div>\n\t\t\t\t<\/div>\n\t\t<div class=\"elementor-element elementor-element-59d09ac5 e-con-full e-flex e-con e-child\" data-id=\"59d09ac5\" data-element_type=\"container\" data-settings=\"{&quot;_ha_eqh_enable&quot;:false}\">\n\t\t\t\t<div class=\"elementor-element elementor-element-4b9f82c4 text-center color-scheme-inherit elementor-invisible elementor-widget elementor-widget-text-editor\" data-id=\"4b9f82c4\" data-element_type=\"widget\" data-settings=\"{&quot;_animation&quot;:&quot;fadeInDown&quot;,&quot;_animation_delay&quot;:600}\" data-widget_type=\"text-editor.default\">\n\t\t\t\t<div class=\"elementor-widget-container\">\n\t\t\t\t\t\t\t\t\t<p>En <strong>POEMA\u00ae<\/strong>, utilizamos salm\u00f3n y pollo hidrolizados, fuentes naturales y altamente nutritivas, sin granos ni gluten, que se transforman en S\u00faper Prote\u00ednas: la base de una nutrici\u00f3n superior que aporta todo lo que tu perro o gato necesita para crecer fuerte, saludable y feliz.<\/p>\t\t\t\t\t\t\t\t<\/div>\n\t\t\t\t<\/div>\n\t\t\t\t<\/div>\n\t\t\t\t\t<\/div>\n\t\t\t\t<\/div>\n\t\t\t\t<\/div>\n\t\t","protected":false},"excerpt":{"rendered":"<p>\u00bfQU\u00c9 SON LAS S\u00daPER PROTE\u00cdNAS? Las s\u00faper prote\u00ednas son el resultado del proceso de hidr\u00f3lisis que utiliza enzimas para descomponer<\/p>\n","protected":false},"author":1,"featured_media":0,"parent":0,"menu_order":0,"comment_status":"closed","ping_status":"closed","template":"elementor_header_footer","meta":{"footnotes":""},"class_list":["post-2994","page","type-page","status-publish","hentry"],"_links":{"self":[{"href":"https:\/\/poemaparamascotas.com\/republica-dominicana\/wp-json\/wp\/v2\/pages\/2994","targetHints":{"allow":["GET"]}}],"collection":[{"href":"https:\/\/poemaparamascotas.com\/republica-dominicana\/wp-json\/wp\/v2\/pages"}],"about":[{"href":"https:\/\/poemaparamascotas.com\/republica-dominicana\/wp-json\/wp\/v2\/types\/page"}],"author":[{"embeddable":true,"href":"https:\/\/poemaparamascotas.com\/republica-dominicana\/wp-json\/wp\/v2\/users\/1"}],"replies":[{"embeddable":true,"href":"https:\/\/poemaparamascotas.com\/republica-dominicana\/wp-json\/wp\/v2\/comments?post=2994"}],"version-history":[{"count":13,"href":"https:\/\/poemaparamascotas.com\/republica-dominicana\/wp-json\/wp\/v2\/pages\/2994\/revisions"}],"predecessor-version":[{"id":3021,"href":"https:\/\/poemaparamascotas.com\/republica-dominicana\/wp-json\/wp\/v2\/pages\/2994\/revisions\/3021"}],"wp:attachment":[{"href":"https:\/\/poemaparamascotas.com\/republica-dominicana\/wp-json\/wp\/v2\/media?parent=2994"}],"curies":[{"name":"wp","href":"https:\/\/api.w.org\/{rel}","templated":true}]}}